{"id":3943,"date":"2021-12-20T09:39:34","date_gmt":"2021-12-20T08:39:34","guid":{"rendered":"https:\/\/associationattot.fr\/?page_id=3943"},"modified":"2021-12-20T10:46:32","modified_gmt":"2021-12-20T09:46:32","slug":"mentions-legales","status":"publish","type":"page","link":"https:\/\/associationattot.fr\/index.php\/mentions-legales\/","title":{"rendered":"Mentions l\u00e9gales"},"content":{"rendered":"\t\t<div data-elementor-type=\"wp-page\" data-elementor-id=\"3943\" class=\"elementor elementor-3943\" data-elementor-settings=\"{&quot;ha_cmc_init_switcher&quot;:&quot;no&quot;}\">\n\t\t\t\t\t\t<section class=\"elementor-section elementor-top-section elementor-element elementor-element-49ad795 elementor-section-boxed elementor-section-height-default elementor-section-height-default\" data-id=\"49ad795\" data-element_type=\"section\" data-settings=\"{&quot;_ha_eqh_enable&quot;:false}\">\n\t\t\t\t\t\t<div class=\"elementor-container elementor-column-gap-default\">\n\t\t\t\t\t<div class=\"elementor-column elementor-col-100 elementor-top-column elementor-element elementor-element-b697be3\" data-id=\"b697be3\" data-element_type=\"column\">\n\t\t\t<div class=\"elementor-widget-wrap elementor-element-populated\">\n\t\t\t\t\t\t<div class=\"elementor-element elementor-element-1435c51 elementor-widget elementor-widget-spacer\" data-id=\"1435c51\" data-element_type=\"widget\" data-widget_type=\"spacer.default\">\n\t\t\t\t<div class=\"elementor-widget-container\">\n\t\t\t\t\t\t\t<div class=\"elementor-spacer\">\n\t\t\t<div class=\"elementor-spacer-inner\"><\/div>\n\t\t<\/div>\n\t\t\t\t\t\t<\/div>\n\t\t\t\t<\/div>\n\t\t\t\t\t<\/div>\n\t\t<\/div>\n\t\t\t\t\t<\/div>\n\t\t<\/section>\n\t\t\t\t<section class=\"elementor-section elementor-top-section elementor-element elementor-element-19663ae elementor-section-boxed elementor-section-height-default elementor-section-height-default\" data-id=\"19663ae\" data-element_type=\"section\" data-settings=\"{&quot;_ha_eqh_enable&quot;:false}\">\n\t\t\t\t\t\t<div class=\"elementor-container elementor-column-gap-default\">\n\t\t\t\t\t<div class=\"elementor-column elementor-col-100 elementor-top-column elementor-element elementor-element-390b958\" data-id=\"390b958\" data-element_type=\"column\">\n\t\t\t<div class=\"elementor-widget-wrap elementor-element-populated\">\n\t\t\t\t\t\t<div class=\"elementor-element elementor-element-99d2324 elementor-widget elementor-widget-heading\" data-id=\"99d2324\" data-element_type=\"widget\" data-widget_type=\"heading.default\">\n\t\t\t\t<div class=\"elementor-widget-container\">\n\t\t\t\t\t<h1 class=\"elementor-heading-title elementor-size-default\">Mentions l\u00e9gales<\/h1>\t\t\t\t<\/div>\n\t\t\t\t<\/div>\n\t\t\t\t\t<\/div>\n\t\t<\/div>\n\t\t\t\t\t<\/div>\n\t\t<\/section>\n\t\t\t\t<section class=\"elementor-section elementor-top-section elementor-element elementor-element-ea7067c elementor-section-boxed elementor-section-height-default elementor-section-height-default\" data-id=\"ea7067c\" data-element_type=\"section\" data-settings=\"{&quot;_ha_eqh_enable&quot;:false}\">\n\t\t\t\t\t\t<div class=\"elementor-container elementor-column-gap-default\">\n\t\t\t\t\t<div class=\"elementor-column elementor-col-100 elementor-top-column elementor-element elementor-element-1ed79dc\" data-id=\"1ed79dc\" data-element_type=\"column\">\n\t\t\t<div class=\"elementor-widget-wrap elementor-element-populated\">\n\t\t\t\t\t\t<div class=\"elementor-element elementor-element-140a333 elementor-widget elementor-widget-spacer\" data-id=\"140a333\" data-element_type=\"widget\" data-widget_type=\"spacer.default\">\n\t\t\t\t<div class=\"elementor-widget-container\">\n\t\t\t\t\t\t\t<div class=\"elementor-spacer\">\n\t\t\t<div class=\"elementor-spacer-inner\"><\/div>\n\t\t<\/div>\n\t\t\t\t\t\t<\/div>\n\t\t\t\t<\/div>\n\t\t\t\t\t<\/div>\n\t\t<\/div>\n\t\t\t\t\t<\/div>\n\t\t<\/section>\n\t\t\t\t<section class=\"elementor-section elementor-top-section elementor-element elementor-element-bb51a21 elementor-section-boxed elementor-section-height-default elementor-section-height-default\" data-id=\"bb51a21\" data-element_type=\"section\" data-settings=\"{&quot;_ha_eqh_enable&quot;:false}\">\n\t\t\t\t\t\t<div class=\"elementor-container elementor-column-gap-default\">\n\t\t\t\t\t<div class=\"elementor-column elementor-col-100 elementor-top-column elementor-element elementor-element-40014cf\" data-id=\"40014cf\" data-element_type=\"column\">\n\t\t\t<div class=\"elementor-widget-wrap elementor-element-populated\">\n\t\t\t\t\t\t<div class=\"elementor-element elementor-element-762dfc2 elementor-widget elementor-widget-text-editor\" data-id=\"762dfc2\" data-element_type=\"widget\" data-widget_type=\"text-editor.default\">\n\t\t\t\t<div class=\"elementor-widget-container\">\n\t\t\t\t\t\t\t\t\t<h2><span id=\"lwptoc20\">1 &#8211; \u00c9dition du site<\/span><\/h2><p>En vertu de <a href=\"https:\/\/www.legifrance.gouv.fr\/affichTexte.do?cidTexte=JORFTEXT000000801164#LEGIARTI000042038977\" target=\"_blank\" rel=\"noreferrer noopener\">l&rsquo;article 6 de la loi n\u00b0 2004-575 du 21 juin 2004<\/a> pour la confiance dans l&rsquo;\u00e9conomie num\u00e9rique, il est pr\u00e9cis\u00e9 aux utilisateurs du site internet <strong><span class=\"ff_dynamic_value\" data-ref=\"url\" data-fallback=\"\">https:\/\/associationattot.fr\/<\/span><\/strong> l&rsquo;identit\u00e9 des diff\u00e9rents intervenants dans le cadre de sa r\u00e9alisation et de son suivi:<\/p><p><strong>Propri\u00e9taire du site : <\/strong> &#8211; Contact : <span class=\"ff_dynamic_value\" data-ref=\"e_mail_contact\" data-fallback=\"\">benoit_guimard@yahoo.fr<\/span> <span class=\"ff_dynamic_value\" data-ref=\"telephone\" data-fallback=\"\">. T\u00e9l\u00e9phone : 0767245488<\/span> &#8211; Adresse : <span class=\"ff_dynamic_value\" data-ref=\"adresse_postale\" data-fallback=\"\">Maison des associations 10 avenue Gaston S\u00e9billeau 35600 REDON<\/span>.<\/p><p><strong>Identification de l&rsquo;entreprise :<\/strong> au capital social de \u20ac &#8211; SIREN : <span class=\"ff_dynamic_value\" data-ref=\"siren\" data-fallback=\"\">38907340400011APE921C<\/span> &#8211; Adresse postale : <span class=\"ff_dynamic_value\" data-ref=\"adresse_postale\" data-fallback=\"\">Maison des associations 10 avenue Gaston S\u00e9billeau 35600 REDON<\/span> &#8211;<\/p><p><strong>Directeur de la publication : <\/strong> &#8211; Contact : Benoit GUIMARD<\/p><p><strong>H\u00e9bergeur :<\/strong> <span class=\"ff_dynamic_value\" data-ref=\"hebergeur\" data-fallback=\"\">Autre<\/span><span class=\"ff_dynamic_value\" data-ref=\"nom_hebergeur\" data-fallback=\"\">hostinger<\/span> <span class=\"ff_dynamic_value\" data-ref=\"adresse_hebergeur\" data-fallback=\"\">HOSTINGER INTERNATIONAL LTD, 61 Lordou Vironos Street, 6023 Larnaca, Chypre. Hostinger International Ltd. Hostinger International Ltd61 Lordou Vironos Stree <\/span><\/p><p><strong>D\u00e9l\u00e9gu\u00e9 \u00e0 la protection des donn\u00e9es : <\/strong><span class=\"ff_dynamic_value\" data-ref=\"dpo\" data-fallback=\"\">Benoit Guimard<\/span> &#8211; <span class=\"ff_dynamic_value\" data-ref=\"contact_dpo\" data-fallback=\"\">benoit_guimard@yahoo.fr<\/span><\/p><p><strong>Autres contributeurs : <br \/><\/strong><\/p><hr class=\"wp-block-separator\" \/><h2><span id=\"lwptoc21\">2 &#8211; Propri\u00e9t\u00e9 intellectuelle et contrefa\u00e7ons.<\/span><\/h2><p>L&rsquo;association ATTOT est propri\u00e9taire des droits de propri\u00e9t\u00e9 intellectuelle et d\u00e9tient les droits d\u2019usage sur tous les \u00e9l\u00e9ments accessibles sur le site internet, notamment les textes, images, graphismes, logos, vid\u00e9os, architecture, ic\u00f4nes et sons.<\/p><p>Toute reproduction, repr\u00e9sentation, modification, publication, adaptation de tout ou partie des \u00e9l\u00e9ments du site, quel que soit le moyen ou le proc\u00e9d\u00e9 utilis\u00e9, est interdite, sauf autorisation \u00e9crite pr\u00e9alable de\u00a0 l&rsquo;association ATTOT dont le Pr\u00e9sident est Benoit GUIMARD<\/p><p>Toute exploitation non autoris\u00e9e du site ou de l\u2019un quelconque des \u00e9l\u00e9ments qu\u2019il contient sera consid\u00e9r\u00e9e comme constitutive d\u2019une contrefa\u00e7on et poursuivie conform\u00e9ment aux dispositions des articles <a href=\"https:\/\/www.legifrance.gouv.fr\/affichCodeArticle.do?idArticle=LEGIARTI000032655082&amp;cidTexte=LEGITEXT000006069414&amp;dateTexte=20160605\" target=\"_blank\" rel=\"noreferrer nofollow noopener\">L.335-2 et suivants du Code de Propri\u00e9t\u00e9 Intellectuelle<\/a>.<\/p><hr class=\"wp-block-separator\" \/><h2><span id=\"lwptoc22\">3 &#8211; Limitations de responsabilit\u00e9.<\/span><\/h2><p>L&rsquo;association ATTOT :<\/p><p>&#8211; ne pourra \u00eatre tenu pour responsable des dommages directs et indirects caus\u00e9s au mat\u00e9riel de l\u2019utilisateur, lors de l\u2019acc\u00e8s au site <strong><span class=\"ff_dynamic_value\" data-ref=\"url\" data-fallback=\"\">https:\/\/associationattot.fr\/<\/span><\/strong>.<\/p><p>&#8211; d\u00e9cline toute responsabilit\u00e9 quant \u00e0 l\u2019utilisation qui pourrait \u00eatre faite des informations et contenus pr\u00e9sents sur <strong><span class=\"ff_dynamic_value\" data-ref=\"url\" data-fallback=\"\">https:\/\/associationattot.fr\/<\/span><\/strong>.<\/p><p>&#8211; s\u2019engage \u00e0 s\u00e9curiser au mieux le site <strong><span class=\"ff_dynamic_value\" data-ref=\"url\" data-fallback=\"\">https:\/\/associationattot.fr\/<\/span><\/strong>, cependant sa responsabilit\u00e9 ne pourra \u00eatre mise en cause si des donn\u00e9es ind\u00e9sirables sont import\u00e9es et install\u00e9es sur son site \u00e0 son insu.<\/p><p>Des espaces interactifs (espace contact ou commentaires) peuvent \u00eatre mis \u00e0 la disposition des utilisateurs. L&rsquo;association ATTOT se r\u00e9serve le droit de supprimer, sans mise en demeure pr\u00e9alable, tout contenu d\u00e9pos\u00e9 dans cet espace qui contreviendrait \u00e0 la l\u00e9gislation applicable en France, en particulier aux dispositions relatives \u00e0 la protection des donn\u00e9es.<\/p><p>Le cas \u00e9ch\u00e9ant, elle se r\u00e9serve \u00e9galement la possibilit\u00e9 de mettre en cause la responsabilit\u00e9 civile et\/ou p\u00e9nale de l\u2019utilisateur, notamment en cas de message \u00e0 caract\u00e8re raciste, injurieux, diffamant, ou pornographique, quel que soit le support utilis\u00e9 (texte, photographie \u2026).<\/p><hr class=\"wp-block-separator\" \/><h2><span id=\"lwptoc23\">4 &#8211; CNIL et gestion des donn\u00e9es personnelles.<\/span><\/h2><p>Conform\u00e9ment aux dispositions de <a href=\"https:\/\/www.legifrance.gouv.fr\/affichTexte.do?cidTexte=JORFTEXT000000886460\" target=\"_blank\" rel=\"noreferrer nofollow noopener\">la loi 78-17 du 6 janvier 1978 modifi\u00e9e<\/a>, l\u2019utilisateur du site <strong><span class=\"ff_dynamic_value\" data-ref=\"url\" data-fallback=\"\">https:\/\/associationattot.fr\/<\/span><\/strong> dispose d\u2019un droit d\u2019acc\u00e8s, de modification et de suppression des informations collect\u00e9es. Pour exercer ce droit, envoyez un message \u00e0 notre D\u00e9l\u00e9gu\u00e9 \u00e0 la Protection des Donn\u00e9es : <strong><span class=\"ff_dynamic_value\" data-ref=\"dpo\" data-fallback=\"\">Benoit Guimard<\/span><\/strong> &#8211; <strong><span class=\"ff_dynamic_value\" data-ref=\"contact_dpo\" data-fallback=\"\">benoit_guimard@yahoo.fr<\/span><\/strong>.<\/p><p>Pour plus d&rsquo;informations sur la fa\u00e7on dont nous traitons vos donn\u00e9es (type de donn\u00e9es, finalit\u00e9, destinataire&#8230;), lisez notre politique de confidentialit\u00e9 :<a href=\"https:\/\/associationattot.fr\/index.php\/politique-de-confidentialite\/\" target=\"_blank\" rel=\"noopener\"><strong><span class=\"ff_dynamic_value\" data-ref=\"politique_confidentialite\" data-fallback=\"\">https:\/\/associationattot.fr\/index.php\/politique-de-confidentialit\u00e9\/<\/span><\/strong>.<\/a><\/p><hr class=\"wp-block-separator\" \/><h2><span id=\"lwptoc24\">5 &#8211; Liens hypertextes et cookies<\/span><\/h2><p>Le site <strong><span class=\"ff_dynamic_value\" data-ref=\"url\" data-fallback=\"\">https:\/\/associationattot.fr\/<\/span><\/strong> contient des liens hypertextes vers d\u2019autres sites et d\u00e9gage toute responsabilit\u00e9 \u00e0 propos de ces liens externes ou des liens cr\u00e9\u00e9s par d\u2019autres sites vers <strong><span class=\"ff_dynamic_value\" data-ref=\"url\" data-fallback=\"\">https:\/\/associationattot.fr\/<\/span><\/strong>.<\/p><p>La navigation sur le site <strong><span class=\"ff_dynamic_value\" data-ref=\"url\" data-fallback=\"\">https:\/\/associationattot.fr\/<\/span><\/strong> est susceptible de provoquer l\u2019installation de cookie(s) sur l\u2019ordinateur de l\u2019utilisateur.<\/p><p>Un \u00ab\u00a0cookie\u00a0\u00bb est un fichier de petite taille qui enregistre des informations relatives \u00e0 la navigation d\u2019un utilisateur sur un site. Les donn\u00e9es ainsi obtenues permettent d&rsquo;obtenir des mesures de fr\u00e9quentation, par exemple.<\/p><p>Vous avez la possibilit\u00e9 <strong>d\u2019accepter ou de refuser les cookies<\/strong> en modifiant les param\u00e8tres de votre navigateur. Aucun cookie ne sera d\u00e9pos\u00e9 sans votre consentement.<\/p><p>Les cookies sont enregistr\u00e9s pour une dur\u00e9e maximale de <span class=\"ff_dynamic_value\" data-ref=\"cookies\" data-fallback=\"\">1<\/span> mois.<\/p><p>Pour plus d&rsquo;informations sur la fa\u00e7on dont nous faisons usage des cookies, lisez notre <a href=\"https:\/\/associationattot.fr\/index.php\/politique-de-confidentialite\/\">https:\/\/associationattot.fr\/index.php\/politique-de-confidentialite\/<\/a><\/p><hr class=\"wp-block-separator\" \/><h2><span id=\"lwptoc25\">6 &#8211; Droit applicable et attribution de juridiction.<\/span><\/h2><p>Tout litige en relation avec l\u2019utilisation du site <strong><span class=\"ff_dynamic_value\" data-ref=\"url\" data-fallback=\"\">https:\/\/associationattot.fr\/<\/span><\/strong> est soumis au droit fran\u00e7ais<\/p>\t\t\t\t\t\t\t\t<\/div>\n\t\t\t\t<\/div>\n\t\t\t\t\t<\/div>\n\t\t<\/div>\n\t\t\t\t\t<\/div>\n\t\t<\/section>\n\t\t\t\t<\/div>\n\t\t","protected":false},"excerpt":{"rendered":"<p>Mentions l\u00e9gales 1 &#8211; \u00c9dition du site En vertu de l&rsquo;article 6 de la loi n\u00b0 2004-575 du 21 juin 2004 pour la confiance dans l&rsquo;\u00e9conomie num\u00e9rique, il est pr\u00e9cis\u00e9 aux utilisateurs du site internet https:\/\/associationattot.fr\/ l&rsquo;identit\u00e9 des diff\u00e9rents intervenants dans le cadre de sa r\u00e9alisation et de son suivi: Propri\u00e9taire du site : &#8211; [&hellip;]<\/p>\n","protected":false},"author":1,"featured_media":0,"parent":0,"menu_order":0,"comment_status":"closed","ping_status":"closed","template":"","meta":{"site-sidebar-layout":"no-sidebar","site-content-layout":"page-builder","ast-site-content-layout":"default","site-content-style":"default","site-sidebar-style":"default","ast-global-header-display":"","ast-banner-title-visibility":"","ast-main-header-display":"","ast-hfb-above-header-display":"","ast-hfb-below-header-display":"","ast-hfb-mobile-header-display":"","site-post-title":"disabled","ast-breadcrumbs-content":"","ast-featured-img":"disabled","footer-sml-layout":"","ast-disable-related-posts":"","theme-transparent-header-meta":"","adv-header-id-meta":"","stick-header-meta":"","header-above-stick-meta":"","header-main-stick-meta":"","header-below-stick-meta":"","astra-migrate-meta-layouts":"default","ast-page-background-enabled":"default","ast-page-background-meta":{"desktop":{"background-color":"","background-image":"","background-repeat":"repeat","background-position":"center center","background-size":"auto","background-attachment":"scroll","background-type":"","background-media":"","overlay-type":"","overlay-color":"","overlay-opacity":"","overlay-gradient":""},"tablet":{"background-color":"","background-image":"","background-repeat":"repeat","background-position":"center center","background-size":"auto","background-attachment":"scroll","background-type":"","background-media":"","overlay-type":"","overlay-color":"","overlay-opacity":"","overlay-gradient":""},"mobile":{"background-color":"","background-image":"","background-repeat":"repeat","background-position":"center center","background-size":"auto","background-attachment":"scroll","background-type":"","background-media":"","overlay-type":"","overlay-color":"","overlay-opacity":"","overlay-gradient":""}},"ast-content-background-meta":{"desktop":{"background-color":"var(--ast-global-color-5)","background-image":"","background-repeat":"repeat","background-position":"center center","background-size":"auto","background-attachment":"scroll","background-type":"","background-media":"","overlay-type":"","overlay-color":"","overlay-opacity":"","overlay-gradient":""},"tablet":{"background-color":"var(--ast-global-color-5)","background-image":"","background-repeat":"repeat","background-position":"center center","background-size":"auto","background-attachment":"scroll","background-type":"","background-media":"","overlay-type":"","overlay-color":"","overlay-opacity":"","overlay-gradient":""},"mobile":{"background-color":"var(--ast-global-color-5)","background-image":"","background-repeat":"repeat","background-position":"center center","background-size":"auto","background-attachment":"scroll","background-type":"","background-media":"","overlay-type":"","overlay-color":"","overlay-opacity":"","overlay-gradient":""}},"footnotes":""},"class_list":["post-3943","page","type-page","status-publish","hentry"],"yoast_head":"<!-- This site is optimized with the Yoast SEO plugin v27.1.1 - https:\/\/yoast.com\/product\/yoast-seo-wordpress\/ -->\n<title>Mentions l\u00e9gales - Le site de l&#039;Attot<\/title>\n<meta name=\"robots\" content=\"index, follow, max-snippet:-1, max-image-preview:large, max-video-preview:-1\" \/>\n<link rel=\"canonical\" href=\"https:\/\/associationattot.fr\/index.php\/mentions-legales\/\" \/>\n<meta property=\"og:locale\" content=\"fr_FR\" \/>\n<meta property=\"og:type\" content=\"article\" \/>\n<meta property=\"og:title\" content=\"Mentions l\u00e9gales - Le site de l&#039;Attot\" \/>\n<meta property=\"og:description\" content=\"Mentions l\u00e9gales 1 &#8211; \u00c9dition du site En vertu de l&rsquo;article 6 de la loi n\u00b0 2004-575 du 21 juin 2004 pour la confiance dans l&rsquo;\u00e9conomie num\u00e9rique, il est pr\u00e9cis\u00e9 aux utilisateurs du site internet https:\/\/associationattot.fr\/ l&rsquo;identit\u00e9 des diff\u00e9rents intervenants dans le cadre de sa r\u00e9alisation et de son suivi: Propri\u00e9taire du site : &#8211; [&hellip;]\" \/>\n<meta property=\"og:url\" content=\"https:\/\/associationattot.fr\/index.php\/mentions-legales\/\" \/>\n<meta property=\"og:site_name\" content=\"Le site de l&#039;Attot\" \/>\n<meta property=\"article:modified_time\" content=\"2021-12-20T09:46:32+00:00\" \/>\n<meta name=\"twitter:card\" content=\"summary_large_image\" \/>\n<meta name=\"twitter:label1\" content=\"Dur\u00e9e de lecture estim\u00e9e\" \/>\n\t<meta name=\"twitter:data1\" content=\"4 minutes\" \/>\n<script type=\"application\/ld+json\" class=\"yoast-schema-graph\">{\"@context\":\"https:\/\/schema.org\",\"@graph\":[{\"@type\":\"WebPage\",\"@id\":\"https:\/\/associationattot.fr\/index.php\/mentions-legales\/\",\"url\":\"https:\/\/associationattot.fr\/index.php\/mentions-legales\/\",\"name\":\"Mentions l\u00e9gales - Le site de l&#039;Attot\",\"isPartOf\":{\"@id\":\"https:\/\/associationattot.fr\/#website\"},\"datePublished\":\"2021-12-20T08:39:34+00:00\",\"dateModified\":\"2021-12-20T09:46:32+00:00\",\"breadcrumb\":{\"@id\":\"https:\/\/associationattot.fr\/index.php\/mentions-legales\/#breadcrumb\"},\"inLanguage\":\"fr-FR\",\"potentialAction\":[{\"@type\":\"ReadAction\",\"target\":[\"https:\/\/associationattot.fr\/index.php\/mentions-legales\/\"]}]},{\"@type\":\"BreadcrumbList\",\"@id\":\"https:\/\/associationattot.fr\/index.php\/mentions-legales\/#breadcrumb\",\"itemListElement\":[{\"@type\":\"ListItem\",\"position\":1,\"name\":\"Accueil\",\"item\":\"https:\/\/associationattot.fr\/\"},{\"@type\":\"ListItem\",\"position\":2,\"name\":\"Mentions l\u00e9gales\"}]},{\"@type\":\"WebSite\",\"@id\":\"https:\/\/associationattot.fr\/#website\",\"url\":\"https:\/\/associationattot.fr\/\",\"name\":\"Le site de l&#039;Attot\",\"description\":\"Un site utilisant WordPress\",\"publisher\":{\"@id\":\"https:\/\/associationattot.fr\/#organization\"},\"potentialAction\":[{\"@type\":\"SearchAction\",\"target\":{\"@type\":\"EntryPoint\",\"urlTemplate\":\"https:\/\/associationattot.fr\/?s={search_term_string}\"},\"query-input\":{\"@type\":\"PropertyValueSpecification\",\"valueRequired\":true,\"valueName\":\"search_term_string\"}}],\"inLanguage\":\"fr-FR\"},{\"@type\":\"Organization\",\"@id\":\"https:\/\/associationattot.fr\/#organization\",\"name\":\"ATTOT\",\"url\":\"https:\/\/associationattot.fr\/\",\"logo\":{\"@type\":\"ImageObject\",\"inLanguage\":\"fr-FR\",\"@id\":\"https:\/\/associationattot.fr\/#\/schema\/logo\/image\/\",\"url\":\"https:\/\/associationattot.fr\/wp-content\/uploads\/2021\/11\/LogoAttotDidier.jpg\",\"contentUrl\":\"https:\/\/associationattot.fr\/wp-content\/uploads\/2021\/11\/LogoAttotDidier.jpg\",\"width\":802,\"height\":601,\"caption\":\"ATTOT\"},\"image\":{\"@id\":\"https:\/\/associationattot.fr\/#\/schema\/logo\/image\/\"}}]}<\/script>\n<!-- \/ Yoast SEO plugin. -->","yoast_head_json":{"title":"Mentions l\u00e9gales - Le site de l&#039;Attot","robots":{"index":"index","follow":"follow","max-snippet":"max-snippet:-1","max-image-preview":"max-image-preview:large","max-video-preview":"max-video-preview:-1"},"canonical":"https:\/\/associationattot.fr\/index.php\/mentions-legales\/","og_locale":"fr_FR","og_type":"article","og_title":"Mentions l\u00e9gales - Le site de l&#039;Attot","og_description":"Mentions l\u00e9gales 1 &#8211; \u00c9dition du site En vertu de l&rsquo;article 6 de la loi n\u00b0 2004-575 du 21 juin 2004 pour la confiance dans l&rsquo;\u00e9conomie num\u00e9rique, il est pr\u00e9cis\u00e9 aux utilisateurs du site internet https:\/\/associationattot.fr\/ l&rsquo;identit\u00e9 des diff\u00e9rents intervenants dans le cadre de sa r\u00e9alisation et de son suivi: Propri\u00e9taire du site : &#8211; [&hellip;]","og_url":"https:\/\/associationattot.fr\/index.php\/mentions-legales\/","og_site_name":"Le site de l&#039;Attot","article_modified_time":"2021-12-20T09:46:32+00:00","twitter_card":"summary_large_image","twitter_misc":{"Dur\u00e9e de lecture estim\u00e9e":"4 minutes"},"schema":{"@context":"https:\/\/schema.org","@graph":[{"@type":"WebPage","@id":"https:\/\/associationattot.fr\/index.php\/mentions-legales\/","url":"https:\/\/associationattot.fr\/index.php\/mentions-legales\/","name":"Mentions l\u00e9gales - Le site de l&#039;Attot","isPartOf":{"@id":"https:\/\/associationattot.fr\/#website"},"datePublished":"2021-12-20T08:39:34+00:00","dateModified":"2021-12-20T09:46:32+00:00","breadcrumb":{"@id":"https:\/\/associationattot.fr\/index.php\/mentions-legales\/#breadcrumb"},"inLanguage":"fr-FR","potentialAction":[{"@type":"ReadAction","target":["https:\/\/associationattot.fr\/index.php\/mentions-legales\/"]}]},{"@type":"BreadcrumbList","@id":"https:\/\/associationattot.fr\/index.php\/mentions-legales\/#breadcrumb","itemListElement":[{"@type":"ListItem","position":1,"name":"Accueil","item":"https:\/\/associationattot.fr\/"},{"@type":"ListItem","position":2,"name":"Mentions l\u00e9gales"}]},{"@type":"WebSite","@id":"https:\/\/associationattot.fr\/#website","url":"https:\/\/associationattot.fr\/","name":"Le site de l&#039;Attot","description":"Un site utilisant WordPress","publisher":{"@id":"https:\/\/associationattot.fr\/#organization"},"potentialAction":[{"@type":"SearchAction","target":{"@type":"EntryPoint","urlTemplate":"https:\/\/associationattot.fr\/?s={search_term_string}"},"query-input":{"@type":"PropertyValueSpecification","valueRequired":true,"valueName":"search_term_string"}}],"inLanguage":"fr-FR"},{"@type":"Organization","@id":"https:\/\/associationattot.fr\/#organization","name":"ATTOT","url":"https:\/\/associationattot.fr\/","logo":{"@type":"ImageObject","inLanguage":"fr-FR","@id":"https:\/\/associationattot.fr\/#\/schema\/logo\/image\/","url":"https:\/\/associationattot.fr\/wp-content\/uploads\/2021\/11\/LogoAttotDidier.jpg","contentUrl":"https:\/\/associationattot.fr\/wp-content\/uploads\/2021\/11\/LogoAttotDidier.jpg","width":802,"height":601,"caption":"ATTOT"},"image":{"@id":"https:\/\/associationattot.fr\/#\/schema\/logo\/image\/"}}]}},"_links":{"self":[{"href":"https:\/\/associationattot.fr\/index.php\/wp-json\/wp\/v2\/pages\/3943","targetHints":{"allow":["GET"]}}],"collection":[{"href":"https:\/\/associationattot.fr\/index.php\/wp-json\/wp\/v2\/pages"}],"about":[{"href":"https:\/\/associationattot.fr\/index.php\/wp-json\/wp\/v2\/types\/page"}],"author":[{"embeddable":true,"href":"https:\/\/associationattot.fr\/index.php\/wp-json\/wp\/v2\/users\/1"}],"replies":[{"embeddable":true,"href":"https:\/\/associationattot.fr\/index.php\/wp-json\/wp\/v2\/comments?post=3943"}],"version-history":[{"count":19,"href":"https:\/\/associationattot.fr\/index.php\/wp-json\/wp\/v2\/pages\/3943\/revisions"}],"predecessor-version":[{"id":3983,"href":"https:\/\/associationattot.fr\/index.php\/wp-json\/wp\/v2\/pages\/3943\/revisions\/3983"}],"wp:attachment":[{"href":"https:\/\/associationattot.fr\/index.php\/wp-json\/wp\/v2\/media?parent=3943"}],"curies":[{"name":"wp","href":"https:\/\/api.w.org\/{rel}","templated":true}]}}