{"id":3834,"date":"2021-09-30T11:32:42","date_gmt":"2021-09-30T09:32:42","guid":{"rendered":"http:\/\/associationattot.fr\/?page_id=3834"},"modified":"2024-04-27T09:32:46","modified_gmt":"2024-04-27T07:32:46","slug":"reflexions","status":"publish","type":"page","link":"https:\/\/associationattot.fr\/index.php\/reflexions\/","title":{"rendered":"Reflexions"},"content":{"rendered":"\t\t<div data-elementor-type=\"wp-page\" data-elementor-id=\"3834\" class=\"elementor elementor-3834\" data-elementor-settings=\"{&quot;ha_cmc_init_switcher&quot;:&quot;no&quot;}\">\n\t\t\t\t\t\t<section class=\"elementor-section elementor-top-section elementor-element elementor-element-10a3e28e elementor-section-full_width elementor-section-height-default elementor-section-height-default\" data-id=\"10a3e28e\" data-element_type=\"section\" data-e-type=\"section\" data-settings=\"{&quot;_ha_eqh_enable&quot;:false}\">\n\t\t\t\t\t\t<div class=\"elementor-container elementor-column-gap-default\">\n\t\t\t\t\t<div class=\"elementor-column elementor-col-100 elementor-top-column elementor-element elementor-element-6fdb6386\" data-id=\"6fdb6386\" data-element_type=\"column\" data-e-type=\"column\">\n\t\t\t<div class=\"elementor-widget-wrap elementor-element-populated\">\n\t\t\t\t\t\t<section class=\"elementor-section elementor-inner-section elementor-element elementor-element-172b4e70 elementor-section-full_width elementor-section-content-middle elementor-section-height-min-height elementor-section-height-default\" data-id=\"172b4e70\" data-element_type=\"section\" data-e-type=\"section\" data-settings=\"{&quot;_ha_eqh_enable&quot;:false}\">\n\t\t\t\t\t\t<div class=\"elementor-container elementor-column-gap-default\">\n\t\t\t\t\t<div class=\"elementor-column elementor-col-66 elementor-inner-column elementor-element elementor-element-f5f001f\" data-id=\"f5f001f\" data-element_type=\"column\" data-e-type=\"column\" data-settings=\"{&quot;background_background&quot;:&quot;classic&quot;}\">\n\t\t\t<div class=\"elementor-widget-wrap elementor-element-populated\">\n\t\t\t\t\t<div class=\"elementor-background-overlay\"><\/div>\n\t\t\t\t\t\t<div class=\"elementor-element elementor-element-5a9db1dd elementor-widget elementor-widget-video\" data-id=\"5a9db1dd\" data-element_type=\"widget\" data-e-type=\"widget\" data-settings=\"{&quot;video_type&quot;:&quot;vimeo&quot;}\" data-widget_type=\"video.default\">\n\t\t\t\t<div class=\"elementor-widget-container\">\n\t\t\t\t\t\t\t<div class=\"elementor-wrapper elementor-open-inline\">\n\t\t\t<iframe class=\"elementor-video-iframe\" allowfullscreen allow=\"clipboard-write\" title=\"Lecteur vid\u00e9o vimeo\" src=\"https:\/\/player.vimeo.com\/video\/617942025?color&amp;autopause=0&amp;loop=0&amp;muted=0&amp;title=1&amp;portrait=1&amp;byline=1#t=\"><\/iframe>\t\t<\/div>\n\t\t\t\t\t\t<\/div>\n\t\t\t\t<\/div>\n\t\t\t\t\t<\/div>\n\t\t<\/div>\n\t\t\t\t<div class=\"elementor-column elementor-col-33 elementor-inner-column elementor-element elementor-element-6259d0f1\" data-id=\"6259d0f1\" data-element_type=\"column\" data-e-type=\"column\" data-settings=\"{&quot;background_background&quot;:&quot;classic&quot;}\">\n\t\t\t<div class=\"elementor-widget-wrap elementor-element-populated\">\n\t\t\t\t\t\t<div class=\"elementor-element elementor-element-267405e ha-has-bg-overlay elementor-invisible elementor-widget elementor-widget-heading\" data-id=\"267405e\" data-element_type=\"widget\" data-e-type=\"widget\" data-settings=\"{&quot;_animation&quot;:&quot;fadeInDown&quot;,&quot;_animation_delay&quot;:200}\" data-widget_type=\"heading.default\">\n\t\t\t\t<div class=\"elementor-widget-container\">\n\t\t\t\t\t<h2 class=\"elementor-heading-title elementor-size-default\">R\u00e9flexion<\/h2>\t\t\t\t<\/div>\n\t\t\t\t<\/div>\n\t\t\t\t<div class=\"elementor-element elementor-element-3ab2a41a elementor-widget elementor-widget-heading\" data-id=\"3ab2a41a\" data-element_type=\"widget\" data-e-type=\"widget\" data-widget_type=\"heading.default\">\n\t\t\t\t<div class=\"elementor-widget-container\">\n\t\t\t\t\t<h3 class=\"elementor-heading-title elementor-size-default\">Tournage r\u00e9alis\u00e9 \u00e0 <br>St Jacut les Pins<br><\/h3>\t\t\t\t<\/div>\n\t\t\t\t<\/div>\n\t\t\t\t<div class=\"elementor-element elementor-element-1b45535b elementor-widget elementor-widget-text-editor\" data-id=\"1b45535b\" data-element_type=\"widget\" data-e-type=\"widget\" data-widget_type=\"text-editor.default\">\n\t\t\t\t<div class=\"elementor-widget-container\">\n\t\t\t\t\t\t\t\t\t<p style=\"text-align: center;\">Une r\u00e9alisation originale d&rsquo;Yves Philippot<\/p>\t\t\t\t\t\t\t\t<\/div>\n\t\t\t\t<\/div>\n\t\t\t\t\t<\/div>\n\t\t<\/div>\n\t\t\t\t\t<\/div>\n\t\t<\/section>\n\t\t\t\t\t<\/div>\n\t\t<\/div>\n\t\t\t\t\t<\/div>\n\t\t<\/section>\n\t\t\t\t<section class=\"elementor-section elementor-top-section elementor-element elementor-element-c265a76 elementor-section-boxed elementor-section-height-default elementor-section-height-default\" data-id=\"c265a76\" data-element_type=\"section\" data-e-type=\"section\" data-settings=\"{&quot;_ha_eqh_enable&quot;:false}\">\n\t\t\t\t\t\t<div class=\"elementor-container elementor-column-gap-default\">\n\t\t\t\t\t<div class=\"elementor-column elementor-col-100 elementor-top-column elementor-element elementor-element-3a875d9\" data-id=\"3a875d9\" data-element_type=\"column\" data-e-type=\"column\">\n\t\t\t<div class=\"elementor-widget-wrap elementor-element-populated\">\n\t\t\t\t\t\t<div class=\"elementor-element elementor-element-68846563 elementor-align-center elementor-widget elementor-widget-button\" data-id=\"68846563\" data-element_type=\"widget\" data-e-type=\"widget\" data-widget_type=\"button.default\">\n\t\t\t\t<div class=\"elementor-widget-container\">\n\t\t\t\t\t\t\t\t\t<div class=\"elementor-button-wrapper\">\n\t\t\t\t\t<a class=\"elementor-button elementor-button-link elementor-size-sm\" href=\"https:\/\/associationattot.fr\/index.php\/divers\/#debut\">\n\t\t\t\t\t\t<span class=\"elementor-button-content-wrapper\">\n\t\t\t\t\t\t\t\t\t<span class=\"elementor-button-text\">Retour<\/span>\n\t\t\t\t\t<\/span>\n\t\t\t\t\t<\/a>\n\t\t\t\t<\/div>\n\t\t\t\t\t\t\t\t<\/div>\n\t\t\t\t<\/div>\n\t\t\t\t\t<\/div>\n\t\t<\/div>\n\t\t\t\t\t<\/div>\n\t\t<\/section>\n\t\t\t\t<section class=\"elementor-section elementor-top-section elementor-element elementor-element-321c7c4e elementor-section-boxed elementor-section-height-default elementor-section-height-default\" data-id=\"321c7c4e\" data-element_type=\"section\" data-e-type=\"section\" data-settings=\"{&quot;_ha_eqh_enable&quot;:false}\">\n\t\t\t\t\t\t<div class=\"elementor-container elementor-column-gap-default\">\n\t\t\t\t\t<div class=\"elementor-column elementor-col-100 elementor-top-column elementor-element elementor-element-41406911\" data-id=\"41406911\" data-element_type=\"column\" data-e-type=\"column\">\n\t\t\t<div class=\"elementor-widget-wrap elementor-element-populated\">\n\t\t\t\t\t\t<div class=\"elementor-element elementor-element-86b23bf elementor-widget elementor-widget-text-editor\" data-id=\"86b23bf\" data-element_type=\"widget\" data-e-type=\"widget\" data-widget_type=\"text-editor.default\">\n\t\t\t\t<div class=\"elementor-widget-container\">\n\t\t\t\t\t\t\t\t\t<div align=\"center\"><div class=\"post-views content-post post-3834 entry-meta load-static\">\r\n\t\t\t\t<span class=\"post-views-icon dashicons dashicons-chart-bar\"><\/span> <span class=\"post-views-label\">Nombre de vues:<\/span> <span class=\"post-views-count\">314<\/span>\r\n\t\t\t<\/div> <\/div>\t\t\t\t\t\t\t\t<\/div>\n\t\t\t\t<\/div>\n\t\t\t\t\t<\/div>\n\t\t<\/div>\n\t\t\t\t\t<\/div>\n\t\t<\/section>\n\t\t\t\t<\/div>\n\t\t","protected":false},"excerpt":{"rendered":"<p>R\u00e9flexion Tournage r\u00e9alis\u00e9 \u00e0 St Jacut les Pins Une r\u00e9alisation originale d&rsquo;Yves Philippot Retour<\/p>\n","protected":false},"author":1,"featured_media":0,"parent":0,"menu_order":0,"comment_status":"closed","ping_status":"closed","template":"","meta":{"site-sidebar-layout":"no-sidebar","site-content-layout":"page-builder","ast-site-content-layout":"default","site-content-style":"default","site-sidebar-style":"default","ast-global-header-display":"","ast-banner-title-visibility":"","ast-main-header-display":"","ast-hfb-above-header-display":"","ast-hfb-below-header-display":"","ast-hfb-mobile-header-display":"","site-post-title":"disabled","ast-breadcrumbs-content":"","ast-featured-img":"disabled","footer-sml-layout":"","ast-disable-related-posts":"","theme-transparent-header-meta":"default","adv-header-id-meta":"","stick-header-meta":"","header-above-stick-meta":"","header-main-stick-meta":"","header-below-stick-meta":"","astra-migrate-meta-layouts":"default","ast-page-background-enabled":"default","ast-page-background-meta":{"desktop":{"background-color":"","background-image":"","background-repeat":"repeat","background-position":"center center","background-size":"auto","background-attachment":"scroll","background-type":"","background-media":"","overlay-type":"","overlay-color":"","overlay-opacity":"","overlay-gradient":""},"tablet":{"background-color":"","background-image":"","background-repeat":"repeat","background-position":"center center","background-size":"auto","background-attachment":"scroll","background-type":"","background-media":"","overlay-type":"","overlay-color":"","overlay-opacity":"","overlay-gradient":""},"mobile":{"background-color":"","background-image":"","background-repeat":"repeat","background-position":"center center","background-size":"auto","background-attachment":"scroll","background-type":"","background-media":"","overlay-type":"","overlay-color":"","overlay-opacity":"","overlay-gradient":""}},"ast-content-background-meta":{"desktop":{"background-color":"var(--ast-global-color-5)","background-image":"","background-repeat":"repeat","background-position":"center center","background-size":"auto","background-attachment":"scroll","background-type":"","background-media":"","overlay-type":"","overlay-color":"","overlay-opacity":"","overlay-gradient":""},"tablet":{"background-color":"var(--ast-global-color-5)","background-image":"","background-repeat":"repeat","background-position":"center center","background-size":"auto","background-attachment":"scroll","background-type":"","background-media":"","overlay-type":"","overlay-color":"","overlay-opacity":"","overlay-gradient":""},"mobile":{"background-color":"var(--ast-global-color-5)","background-image":"","background-repeat":"repeat","background-position":"center center","background-size":"auto","background-attachment":"scroll","background-type":"","background-media":"","overlay-type":"","overlay-color":"","overlay-opacity":"","overlay-gradient":""}},"footnotes":""},"class_list":["post-3834","page","type-page","status-publish","hentry"],"yoast_head":"<!-- This site is optimized with the Yoast SEO plugin v27.4 - https:\/\/yoast.com\/product\/yoast-seo-wordpress\/ -->\n<title>Reflexions - Le site de l&#039;Attot<\/title>\n<meta name=\"robots\" content=\"index, follow, max-snippet:-1, max-image-preview:large, max-video-preview:-1\" \/>\n<link rel=\"canonical\" href=\"https:\/\/associationattot.fr\/index.php\/reflexions\/\" \/>\n<meta property=\"og:locale\" content=\"fr_FR\" \/>\n<meta property=\"og:type\" content=\"article\" \/>\n<meta property=\"og:title\" content=\"Reflexions - Le site de l&#039;Attot\" \/>\n<meta property=\"og:description\" content=\"R\u00e9flexion Tournage r\u00e9alis\u00e9 \u00e0 St Jacut les Pins Une r\u00e9alisation originale d&rsquo;Yves Philippot Retour\" \/>\n<meta property=\"og:url\" content=\"https:\/\/associationattot.fr\/index.php\/reflexions\/\" \/>\n<meta property=\"og:site_name\" content=\"Le site de l&#039;Attot\" \/>\n<meta property=\"article:modified_time\" content=\"2024-04-27T07:32:46+00:00\" \/>\n<meta name=\"twitter:card\" content=\"summary_large_image\" \/>\n<meta name=\"twitter:label1\" content=\"Dur\u00e9e de lecture estim\u00e9e\" \/>\n\t<meta name=\"twitter:data1\" content=\"1 minute\" \/>\n<script type=\"application\/ld+json\" class=\"yoast-schema-graph\">{\"@context\":\"https:\\\/\\\/schema.org\",\"@graph\":[{\"@type\":\"WebPage\",\"@id\":\"https:\\\/\\\/associationattot.fr\\\/index.php\\\/reflexions\\\/\",\"url\":\"https:\\\/\\\/associationattot.fr\\\/index.php\\\/reflexions\\\/\",\"name\":\"Reflexions - Le site de l&#039;Attot\",\"isPartOf\":{\"@id\":\"https:\\\/\\\/associationattot.fr\\\/#website\"},\"datePublished\":\"2021-09-30T09:32:42+00:00\",\"dateModified\":\"2024-04-27T07:32:46+00:00\",\"breadcrumb\":{\"@id\":\"https:\\\/\\\/associationattot.fr\\\/index.php\\\/reflexions\\\/#breadcrumb\"},\"inLanguage\":\"fr-FR\",\"potentialAction\":[{\"@type\":\"ReadAction\",\"target\":[\"https:\\\/\\\/associationattot.fr\\\/index.php\\\/reflexions\\\/\"]}]},{\"@type\":\"BreadcrumbList\",\"@id\":\"https:\\\/\\\/associationattot.fr\\\/index.php\\\/reflexions\\\/#breadcrumb\",\"itemListElement\":[{\"@type\":\"ListItem\",\"position\":1,\"name\":\"Accueil\",\"item\":\"https:\\\/\\\/associationattot.fr\\\/\"},{\"@type\":\"ListItem\",\"position\":2,\"name\":\"Reflexions\"}]},{\"@type\":\"WebSite\",\"@id\":\"https:\\\/\\\/associationattot.fr\\\/#website\",\"url\":\"https:\\\/\\\/associationattot.fr\\\/\",\"name\":\"Le site de l&#039;Attot\",\"description\":\"Un site utilisant WordPress\",\"publisher\":{\"@id\":\"https:\\\/\\\/associationattot.fr\\\/#organization\"},\"potentialAction\":[{\"@type\":\"SearchAction\",\"target\":{\"@type\":\"EntryPoint\",\"urlTemplate\":\"https:\\\/\\\/associationattot.fr\\\/?s={search_term_string}\"},\"query-input\":{\"@type\":\"PropertyValueSpecification\",\"valueRequired\":true,\"valueName\":\"search_term_string\"}}],\"inLanguage\":\"fr-FR\"},{\"@type\":\"Organization\",\"@id\":\"https:\\\/\\\/associationattot.fr\\\/#organization\",\"name\":\"ATTOT\",\"url\":\"https:\\\/\\\/associationattot.fr\\\/\",\"logo\":{\"@type\":\"ImageObject\",\"inLanguage\":\"fr-FR\",\"@id\":\"https:\\\/\\\/associationattot.fr\\\/#\\\/schema\\\/logo\\\/image\\\/\",\"url\":\"https:\\\/\\\/associationattot.fr\\\/wp-content\\\/uploads\\\/2021\\\/11\\\/LogoAttotDidier.jpg\",\"contentUrl\":\"https:\\\/\\\/associationattot.fr\\\/wp-content\\\/uploads\\\/2021\\\/11\\\/LogoAttotDidier.jpg\",\"width\":802,\"height\":601,\"caption\":\"ATTOT\"},\"image\":{\"@id\":\"https:\\\/\\\/associationattot.fr\\\/#\\\/schema\\\/logo\\\/image\\\/\"}}]}<\/script>\n<!-- \/ Yoast SEO plugin. -->","yoast_head_json":{"title":"Reflexions - Le site de l&#039;Attot","robots":{"index":"index","follow":"follow","max-snippet":"max-snippet:-1","max-image-preview":"max-image-preview:large","max-video-preview":"max-video-preview:-1"},"canonical":"https:\/\/associationattot.fr\/index.php\/reflexions\/","og_locale":"fr_FR","og_type":"article","og_title":"Reflexions - Le site de l&#039;Attot","og_description":"R\u00e9flexion Tournage r\u00e9alis\u00e9 \u00e0 St Jacut les Pins Une r\u00e9alisation originale d&rsquo;Yves Philippot Retour","og_url":"https:\/\/associationattot.fr\/index.php\/reflexions\/","og_site_name":"Le site de l&#039;Attot","article_modified_time":"2024-04-27T07:32:46+00:00","twitter_card":"summary_large_image","twitter_misc":{"Dur\u00e9e de lecture estim\u00e9e":"1 minute"},"schema":{"@context":"https:\/\/schema.org","@graph":[{"@type":"WebPage","@id":"https:\/\/associationattot.fr\/index.php\/reflexions\/","url":"https:\/\/associationattot.fr\/index.php\/reflexions\/","name":"Reflexions - Le site de l&#039;Attot","isPartOf":{"@id":"https:\/\/associationattot.fr\/#website"},"datePublished":"2021-09-30T09:32:42+00:00","dateModified":"2024-04-27T07:32:46+00:00","breadcrumb":{"@id":"https:\/\/associationattot.fr\/index.php\/reflexions\/#breadcrumb"},"inLanguage":"fr-FR","potentialAction":[{"@type":"ReadAction","target":["https:\/\/associationattot.fr\/index.php\/reflexions\/"]}]},{"@type":"BreadcrumbList","@id":"https:\/\/associationattot.fr\/index.php\/reflexions\/#breadcrumb","itemListElement":[{"@type":"ListItem","position":1,"name":"Accueil","item":"https:\/\/associationattot.fr\/"},{"@type":"ListItem","position":2,"name":"Reflexions"}]},{"@type":"WebSite","@id":"https:\/\/associationattot.fr\/#website","url":"https:\/\/associationattot.fr\/","name":"Le site de l&#039;Attot","description":"Un site utilisant WordPress","publisher":{"@id":"https:\/\/associationattot.fr\/#organization"},"potentialAction":[{"@type":"SearchAction","target":{"@type":"EntryPoint","urlTemplate":"https:\/\/associationattot.fr\/?s={search_term_string}"},"query-input":{"@type":"PropertyValueSpecification","valueRequired":true,"valueName":"search_term_string"}}],"inLanguage":"fr-FR"},{"@type":"Organization","@id":"https:\/\/associationattot.fr\/#organization","name":"ATTOT","url":"https:\/\/associationattot.fr\/","logo":{"@type":"ImageObject","inLanguage":"fr-FR","@id":"https:\/\/associationattot.fr\/#\/schema\/logo\/image\/","url":"https:\/\/associationattot.fr\/wp-content\/uploads\/2021\/11\/LogoAttotDidier.jpg","contentUrl":"https:\/\/associationattot.fr\/wp-content\/uploads\/2021\/11\/LogoAttotDidier.jpg","width":802,"height":601,"caption":"ATTOT"},"image":{"@id":"https:\/\/associationattot.fr\/#\/schema\/logo\/image\/"}}]}},"_links":{"self":[{"href":"https:\/\/associationattot.fr\/index.php\/wp-json\/wp\/v2\/pages\/3834","targetHints":{"allow":["GET"]}}],"collection":[{"href":"https:\/\/associationattot.fr\/index.php\/wp-json\/wp\/v2\/pages"}],"about":[{"href":"https:\/\/associationattot.fr\/index.php\/wp-json\/wp\/v2\/types\/page"}],"author":[{"embeddable":true,"href":"https:\/\/associationattot.fr\/index.php\/wp-json\/wp\/v2\/users\/1"}],"replies":[{"embeddable":true,"href":"https:\/\/associationattot.fr\/index.php\/wp-json\/wp\/v2\/comments?post=3834"}],"version-history":[{"count":47,"href":"https:\/\/associationattot.fr\/index.php\/wp-json\/wp\/v2\/pages\/3834\/revisions"}],"predecessor-version":[{"id":5071,"href":"https:\/\/associationattot.fr\/index.php\/wp-json\/wp\/v2\/pages\/3834\/revisions\/5071"}],"wp:attachment":[{"href":"https:\/\/associationattot.fr\/index.php\/wp-json\/wp\/v2\/media?parent=3834"}],"curies":[{"name":"wp","href":"https:\/\/api.w.org\/{rel}","templated":true}]}}